{"id":1480,"date":"2023-11-30T10:49:35","date_gmt":"2023-11-30T10:49:35","guid":{"rendered":"https:\/\/netscix2025.iiti.ac.in\/?page_id=1480"},"modified":"2025-01-10T07:23:44","modified_gmt":"2025-01-10T07:23:44","slug":"focus-session","status":"publish","type":"page","link":"https:\/\/netscix2025.iiti.ac.in\/?page_id=1480","title":{"rendered":"Focus Session"},"content":{"rendered":"\n<div style=\"height:100px\" aria-hidden=\"true\" class=\"wp-block-spacer\"><\/div>\n\n\n\n<h4 class=\"wp-block-heading has-accent-4-background-color has-background\" style=\"font-size:clamp(16.293px, 1.018rem + ((1vw - 3.2px) * 0.907), 25px);\"><strong>Focus session1:<\/strong> &nbsp;<strong>On Multilayer and Temporal Networks<\/strong>&nbsp;<\/h4>\n\n\n\n<p>Organiser: Albert D\u00edaz-Guilera (<a href=\"https:\/\/scholar.google.com\/citations?user=h9WC1PgAAAAJ&amp;hl=en\" data-type=\"link\" data-id=\"https:\/\/scholar.google.com\/citations?user=h9WC1PgAAAAJ&amp;hl=en\"><mark style=\"background-color:rgba(0, 0, 0, 0)\" class=\"has-inline-color has-accent-3-color\">\ud83d\udd17<\/mark><\/a>); AccelNet-Multinet project<\/p>\n\n\n\n<div style=\"height:8px\" aria-hidden=\"true\" class=\"wp-block-spacer\"><\/div>\n\n\n\n<p><strong> <em>List of Speakers:&nbsp;<\/em><\/strong><\/p>\n\n\n\n<ol class=\"wp-block-list\">\n<li>J\u00e1nos Kert\u00e9sz &#8211; Central European University, Austria (<mark style=\"background-color:rgba(0, 0, 0, 0)\" class=\"has-inline-color has-accent-3-color\"><a href=\"https:\/\/people.ceu.edu\/janos_kertesz\">\ud83d\udd17<\/a><\/mark>)<\/li>\n\n\n\n<li>Hiroki Sayama &#8211; Binghamton University, USA (<mark style=\"background-color:rgba(0, 0, 0, 0)\" class=\"has-inline-color has-accent-3-color\"><a href=\"https:\/\/www.binghamton.edu\/academics\/programs\/data-analytics\/profile.html?id=sayama\">\ud83d\udd17<\/a><\/mark>)<\/li>\n\n\n\n<li>Divya Sindhu Lekha- IIIT Kottayam, India (<mark style=\"background-color:rgba(0, 0, 0, 0)\" class=\"has-inline-color has-accent-3-color\"><a href=\"https:\/\/www.iiitkottayam.ac.in\/#!\/faculty\/divya\" data-type=\"link\" data-id=\"https:\/\/www.iiitkottayam.ac.in\/#!\/faculty\/divya\">\ud83d\udd17<\/a><\/mark>)<\/li>\n<\/ol>\n\n\n\n<div style=\"height:25px\" aria-hidden=\"true\" class=\"wp-block-spacer\"><\/div>\n\n\n\n<h4 class=\"wp-block-heading has-accent-4-background-color has-background\" style=\"font-size:clamp(16.293px, 1.018rem + ((1vw - 3.2px) * 0.907), 25px);\"><strong>Focus session 2: Asian Network Science<\/strong><\/h4>\n\n\n\n<p>Organisers:&nbsp; Chew Lock Yue (<mark style=\"background-color:rgba(0, 0, 0, 0)\" class=\"has-inline-color has-accent-3-color\"><a href=\"https:\/\/personal.ntu.edu.sg\/lockyue\/\">\ud83d\udd17<\/a><\/mark>), Cheong Siew Ann (<mark style=\"background-color:rgba(0, 0, 0, 0)\" class=\"has-inline-color has-accent-3-color\"><a href=\"https:\/\/www1.spms.ntu.edu.sg\/~cheongsa\/index.htm\">\ud83d\udd17<\/a><\/mark>), Cigdem Yalcin&nbsp;(<mark style=\"background-color:rgba(0, 0, 0, 0)\" class=\"has-inline-color has-accent-3-color\"><a href=\"https:\/\/complexityscience.net\/about-2\/\">\ud83d\udd17<\/a><\/mark>)<\/p>\n\n\n\n<div style=\"height:6px\" aria-hidden=\"true\" class=\"wp-block-spacer\"><\/div>\n\n\n\n<p><em><strong>List of Speakers:<\/strong><\/em><\/p>\n\n\n\n<ol class=\"wp-block-list\">\n<li>Michael Small&nbsp; &#8211; The University of Western Australia (UWA), Australia (<mark style=\"background-color:rgba(0, 0, 0, 0)\" class=\"has-inline-color has-accent-3-color\"><a href=\"https:\/\/research-repository.uwa.edu.au\/en\/persons\/michael-small\">\ud83d\udd17<\/a><\/mark>)<\/li>\n\n\n\n<li>Fatimah Abdul Razak &#8211; National University of Malaysia, Malaysia (<mark style=\"background-color:rgba(0, 0, 0, 0)\" class=\"has-inline-color has-accent-3-color\"><a href=\"https:\/\/scholar.google.com\/citations?user=2zk1t5EAAAAJ&amp;hl=en\">\ud83d\udd17<\/a><\/mark>)<\/li>\n\n\n\n<li>Cigdem Yalcin &#8211; Istanbul University, Turkey (<mark style=\"background-color:rgba(0, 0, 0, 0)\" class=\"has-inline-color has-accent-3-color\"><a href=\"https:\/\/complexityscience.net\/about-2\/\">\ud83d\udd17<\/a><\/mark>)<\/li>\n\n\n\n<li>R. I. Sujith &#8211; IIT Madras, India (<mark style=\"background-color:rgba(0, 0, 0, 0)\" class=\"has-inline-color has-accent-3-color\"><a href=\"http:\/\/www.ae.iitm.ac.in\/~sujith\/\">\ud83d\udd17<\/a><\/mark>)<\/li>\n\n\n\n<li>Seung-Woo Son &#8211; Hanyang University ERICA, KOREA (<mark style=\"background-color:rgba(0, 0, 0, 0)\" class=\"has-inline-color has-accent-3-color\"><a href=\"https:\/\/scholar.google.com\/citations?hl=ko&amp;user=GUpdvGoAAAAJ&amp;view_op=list_works&amp;sortby=pubdate\" data-type=\"link\" data-id=\"https:\/\/scholar.google.com\/citations?hl=ko&amp;user=GUpdvGoAAAAJ&amp;view_op=list_works&amp;sortby=pubdate\">\ud83d\udd17<\/a><\/mark>)<\/li>\n<\/ol>\n\n\n\n<div style=\"height:29px\" aria-hidden=\"true\" class=\"wp-block-spacer\"><\/div>\n\n\n\n<h4 class=\"wp-block-heading has-accent-4-background-color has-background\"><strong>Focus session 3:<\/strong> <strong>Noise, Networks, and Biology<\/strong><\/h4>\n\n\n\n<p>Organisers: Manish Shrimali (<mark style=\"background-color:rgba(0, 0, 0, 0)\" class=\"has-inline-color has-accent-3-color\"><a href=\"https:\/\/manishshrimali.com\/\">\ud83d\udd17<\/a><\/mark>) and Vimal Kishore (<mark style=\"background-color:rgba(0, 0, 0, 0)\" class=\"has-inline-color has-accent-3-color\"><a href=\"https:\/\/scholar.google.co.in\/citations?user=K0UcKWgAAAAJ&amp;hl=en\">\ud83d\udd17<\/a><\/mark>)<\/p>\n\n\n\n<div style=\"height:8px\" aria-hidden=\"true\" class=\"wp-block-spacer\"><\/div>\n\n\n\n<p><em><strong>List of&nbsp; Speakers:<\/strong><\/em><\/p>\n\n\n\n<ol class=\"wp-block-list\">\n<li>Jos\u00e9 Antonio Mendez-Bermudez &#8211;&nbsp; Instituto de F\u00edsica, Benem\u00e9rita Universidad Aut\u00f3noma de Puebla, Mexico (<mark style=\"background-color:rgba(0, 0, 0, 0)\" class=\"has-inline-color has-accent-3-color\"><a href=\"http:\/\/www.ifuap.buap.mx\/~jmendezb\/\">\ud83d\udd17<\/a><\/mark>)<\/li>\n\n\n\n<li>Areejit Samal- The Institute of Mathematical Sciences, India (<mark style=\"background-color:rgba(0, 0, 0, 0)\" class=\"has-inline-color has-accent-3-color\"><a href=\"https:\/\/www.imsc.res.in\/areejit_samal\">\ud83d\udd17<\/a><\/mark>)<\/li>\n\n\n\n<li>Claus Kadelka &#8211; Iowa State University, USA (<mark style=\"background-color:rgba(0, 0, 0, 0)\" class=\"has-inline-color has-accent-3-color\"><a href=\"https:\/\/faculty.sites.iastate.edu\/ckadelka\/\" data-type=\"link\" data-id=\"https:\/\/faculty.sites.iastate.edu\/ckadelka\/\">\ud83d\udd17<\/a><\/mark>)<\/li>\n\n\n\n<li>Anshu Bhardwaj &#8211; CSIR-IMTech, India(<mark style=\"background-color:rgba(0, 0, 0, 0)\" class=\"has-inline-color has-accent-3-color\"><a href=\"https:\/\/www.imtech.res.in\/contact\/staff\/dr-anshu-bhardwaj\/107\" data-type=\"link\" data-id=\"https:\/\/www.imtech.res.in\/contact\/staff\/dr-anshu-bhardwaj\/107\">\ud83d\udd17<\/a><\/mark>)<\/li>\n<\/ol>\n\n\n\n<div style=\"height:33px\" aria-hidden=\"true\" class=\"wp-block-spacer\"><\/div>\n\n\n\n<h4 class=\"wp-block-heading is-style-default has-accent-4-background-color has-background\"><strong>Focus session 4:<\/strong> <strong>Recent advancements in Network Science: under the umbrella of  <a href=\"https:\/\/www.tifr.res.in\/~ipa1970\/gipwg\/\"><mark style=\"background-color:rgba(0, 0, 0, 0)\" class=\"has-inline-color has-contrast-color\">GIPWG IPA<\/mark><\/a><\/strong><\/h4>\n\n\n\n<p>Organisers: Anna Zakharova (<mark style=\"background-color:rgba(0, 0, 0, 0)\" class=\"has-inline-color has-accent-3-color\"><a href=\"https:\/\/scholar.google.com\/citations?user=ASfv6CQAAAAJ&amp;hl=en\">\ud83d\udd17<\/a><\/mark>), Camellia Sarkar (<mark style=\"background-color:rgba(0, 0, 0, 0)\" class=\"has-inline-color has-accent-3-color\"><a href=\"https:\/\/scholar.google.co.in\/citations?user=52_qKJ8AAAAJ&amp;hl=en\">\ud83d\udd17<\/a><\/mark>), Sangeeta Ujjwal (<mark style=\"background-color:rgba(0, 0, 0, 0)\" class=\"has-inline-color has-accent-3-color\"><a href=\"https:\/\/scholar.google.com\/citations?user=lcT-HvAAAAAJ&amp;hl=en\">\ud83d\udd17<\/a><\/mark>)<\/p>\n\n\n\n<div style=\"height:9px\" aria-hidden=\"true\" class=\"wp-block-spacer\"><\/div>\n\n\n\n<p><em><strong>List of&nbsp; Speakers:<\/strong><\/em><\/p>\n\n\n\n<p>Introduction by Indian Physics Association <\/p>\n\n\n\n<ol class=\"wp-block-list\">\n<li>Inmaculada Leyva &#8211; Rey Juan Carlos University, Spain (<mark style=\"background-color:rgba(0, 0, 0, 0)\" class=\"has-inline-color has-accent-3-color\"><a href=\"https:\/\/scholar.google.com\/citations?user=xfCdwR8AAAAJ&amp;hl=es\">\ud83d\udd17<\/a><\/mark>)<\/li>\n\n\n\n<li>Fakhteh Ghanbarnejad &#8211; Potsdam Institute for Climate Impact Research (PIK),Germany (<mark style=\"background-color:rgba(0, 0, 0, 0)\" class=\"has-inline-color has-accent-3-color\"><a href=\"https:\/\/www.pik-potsdam.de\/members\/fakhtehg\/homepage\">\ud83d\udd17<\/a><\/mark>)<\/li>\n\n\n\n<li>Karthik Raman &#8211; IIT Madras, India (<mark style=\"background-color:rgba(0, 0, 0, 0)\" class=\"has-inline-color has-accent-3-color\"><a href=\"https:\/\/home.iitm.ac.in\/kraman\/\" data-type=\"link\" data-id=\"https:\/\/home.iitm.ac.in\/kraman\/\">\ud83d\udd17<\/a><\/mark>)<\/li>\n\n\n\n<li>Vinay Kumar B. R. &#8211; TU Eindhovan, Netherlands (<mark style=\"background-color:rgba(0, 0, 0, 0)\" class=\"has-inline-color has-accent-3-color\"><a href=\"https:\/\/vinkumbr.github.io\/\" data-type=\"link\" data-id=\"https:\/\/vinkumbr.github.io\/\">\ud83d\udd17<\/a><\/mark>)<\/li>\n\n\n\n<li>Tiziana di Matteo &#8211; King&#8217;s College London, UK (<mark style=\"background-color:rgba(0, 0, 0, 0)\" class=\"has-inline-color has-accent-3-color\"><a href=\"https:\/\/nms.kcl.ac.uk\/tiziana.dimatteo\/\" data-type=\"link\" data-id=\"https:\/\/nms.kcl.ac.uk\/tiziana.dimatteo\/\">\ud83d\udd17<\/a><\/mark>)<\/li>\n\n\n\n<li>Tanmoy Banerjee &#8211; University of Burdwan, India (<mark style=\"background-color:rgba(0, 0, 0, 0)\" class=\"has-inline-color has-accent-3-color\"><a href=\"https:\/\/tbanerjee.weebly.com\/\" data-type=\"link\" data-id=\"https:\/\/tbanerjee.weebly.com\/\">\ud83d\udd17<\/a><\/mark>)<\/li>\n\n\n\n<li>Sudeshna Sinha &#8211; IISER Mohali, India (<mark style=\"background-color:rgba(0, 0, 0, 0)\" class=\"has-inline-color has-accent-3-color\"><a href=\"https:\/\/web.iisermohali.ac.in\/dept\/physics\/Sudeshna_Sinha.html\" data-type=\"link\" data-id=\"https:\/\/web.iisermohali.ac.in\/dept\/physics\/Sudeshna_Sinha.html\">\ud83d\udd17<\/a><\/mark>)<\/li>\n<\/ol>\n\n\n\n<div style=\"height:28px\" aria-hidden=\"true\" class=\"wp-block-spacer\"><\/div>\n\n\n\n<h4 class=\"wp-block-heading has-accent-4-background-color has-background\"><strong>Focus session&nbsp; 5: Hypergraphs<\/strong><\/h4>\n\n\n\n<p>Organiser: Charo I. del Genio&nbsp;(<mark style=\"background-color:rgba(0, 0, 0, 0)\" class=\"has-inline-color has-accent-3-color\"><a href=\"https:\/\/scholar.google.com\/citations?user=735CZw4AAAAJ&amp;hl=en\">\ud83d\udd17<\/a><\/mark>)<\/p>\n\n\n\n<div style=\"height:7px\" aria-hidden=\"true\" class=\"wp-block-spacer\"><\/div>\n\n\n\n<p><em><strong>List of&nbsp; Speakers:<\/strong><\/em>&nbsp;<\/p>\n\n\n\n<ol class=\"wp-block-list\">\n<li>Timoteo Carletti &#8211; University of Namur, Belgium (<mark style=\"background-color:rgba(0, 0, 0, 0)\" class=\"has-inline-color has-accent-3-color\"><a href=\"https:\/\/directory.unamur.be\/staff\/tcarlett?_LOCALE_=en\">\ud83d\udd17<\/a><\/mark>)<\/li>\n\n\n\n<li>Ana P Mill\u00e1n &#8211; University of Granada, Spain&nbsp; (<mark style=\"background-color:rgba(0, 0, 0, 0)\" class=\"has-inline-color has-accent-3-color\"><a href=\"https:\/\/www.researchgate.net\/profile\/Ana-P-Millan\">\ud83d\udd17<\/a><\/mark>)<\/li>\n\n\n\n<li>Giovanni Petri &#8211; Northeastern University, USA (<mark style=\"background-color:rgba(0, 0, 0, 0)\" class=\"has-inline-color has-accent-3-color\"><a href=\"https:\/\/www.networkscienceinstitute.org\/people\/giovanni-petri\">\ud83d\udd17<\/a><\/mark>)<\/li>\n\n\n\n<li>Charo I. del Genio &#8211; Trakia University, Bulgaria (<mark style=\"background-color:rgba(0, 0, 0, 0)\" class=\"has-inline-color has-accent-3-color\"><a href=\"https:\/\/scholar.google.com\/citations?user=735CZw4AAAAJ&amp;hl=en\">\ud83d\udd17<\/a><\/mark>)<\/li>\n<\/ol>\n\n\n\n<div style=\"height:327px\" aria-hidden=\"true\" class=\"wp-block-spacer\"><\/div>\n\n\n\n<div style=\"height:100px\" aria-hidden=\"true\" class=\"wp-block-spacer\"><\/div>\n","protected":false},"excerpt":{"rendered":"<p>Focus session1: &nbsp;On Multilayer and Temporal Networks&nbsp; Organiser: Albert D\u00edaz-Guilera (\ud83d\udd17); AccelNet-Multinet project List of Speakers:&nbsp; Focus session 2: Asian Network Science Organisers:&nbsp; Chew Lock Yue (\ud83d\udd17), Cheong Siew Ann (\ud83d\udd17), Cigdem Yalcin&nbsp;(\ud83d\udd17) List of Speakers: Focus session 3: Noise, Networks, and Biology Organisers: Manish Shrimali (\ud83d\udd17) and Vimal Kishore (\ud83d\udd17) List of&nbsp; Speakers: Focus [&hellip;]<\/p>\n","protected":false},"author":1,"featured_media":0,"parent":0,"menu_order":0,"comment_status":"closed","ping_status":"closed","template":"","meta":{"_uag_custom_page_level_css":"","footnotes":""},"class_list":["post-1480","page","type-page","status-publish","hentry"],"uagb_featured_image_src":{"full":false,"thumbnail":false,"medium":false,"medium_large":false,"large":false,"1536x1536":false,"2048x2048":false},"uagb_author_info":{"display_name":"admin_netscix2025","author_link":"https:\/\/netscix2025.iiti.ac.in\/?author=1"},"uagb_comment_info":0,"uagb_excerpt":"Focus session1: &nbsp;On Multilayer and Temporal Networks&nbsp; Organiser: Albert D\u00edaz-Guilera (\ud83d\udd17); AccelNet-Multinet project List of Speakers:&nbsp; Focus session 2: Asian Network Science Organisers:&nbsp; Chew Lock Yue (\ud83d\udd17), Cheong Siew Ann (\ud83d\udd17), Cigdem Yalcin&nbsp;(\ud83d\udd17) List of Speakers: Focus session 3: Noise, Networks, and Biology Organisers: Manish Shrimali (\ud83d\udd17) and Vimal Kishore (\ud83d\udd17) List of&nbsp; Speakers: Focus&hellip;","_links":{"self":[{"href":"https:\/\/netscix2025.iiti.ac.in\/index.php?rest_route=\/wp\/v2\/pages\/1480","targetHints":{"allow":["GET"]}}],"collection":[{"href":"https:\/\/netscix2025.iiti.ac.in\/index.php?rest_route=\/wp\/v2\/pages"}],"about":[{"href":"https:\/\/netscix2025.iiti.ac.in\/index.php?rest_route=\/wp\/v2\/types\/page"}],"author":[{"embeddable":true,"href":"https:\/\/netscix2025.iiti.ac.in\/index.php?rest_route=\/wp\/v2\/users\/1"}],"replies":[{"embeddable":true,"href":"https:\/\/netscix2025.iiti.ac.in\/index.php?rest_route=%2Fwp%2Fv2%2Fcomments&post=1480"}],"version-history":[{"count":64,"href":"https:\/\/netscix2025.iiti.ac.in\/index.php?rest_route=\/wp\/v2\/pages\/1480\/revisions"}],"predecessor-version":[{"id":3085,"href":"https:\/\/netscix2025.iiti.ac.in\/index.php?rest_route=\/wp\/v2\/pages\/1480\/revisions\/3085"}],"wp:attachment":[{"href":"https:\/\/netscix2025.iiti.ac.in\/index.php?rest_route=%2Fwp%2Fv2%2Fmedia&parent=1480"}],"curies":[{"name":"wp","href":"https:\/\/api.w.org\/{rel}","templated":true}]}}